{"id":1533,"date":"2021-01-08T14:07:41","date_gmt":"2021-01-08T14:07:41","guid":{"rendered":"https:\/\/eaststock.de\/ueber-esi\/"},"modified":"2021-03-25T15:10:43","modified_gmt":"2021-03-25T15:10:43","slug":"about-esi","status":"publish","type":"page","link":"https:\/\/eaststock.de\/en\/about-esi\/","title":{"rendered":"About ESI"},"content":{"rendered":"\t\t<div data-elementor-type=\"wp-page\" data-elementor-id=\"1533\" class=\"elementor elementor-1533 elementor-516\" data-elementor-post-type=\"page\">\n\t\t\t\t\t\t<section class=\"elementor-section elementor-top-section elementor-element elementor-element-27ed536 elementor-section-boxed elementor-section-height-default elementor-section-height-default\" data-id=\"27ed536\" data-element_type=\"section\" data-e-type=\"section\" id=\"zurperson\" data-settings=\"{&quot;background_background&quot;:&quot;classic&quot;}\">\n\t\t\t\t\t\t<div class=\"elementor-container elementor-column-gap-default\">\n\t\t\t\t\t<div class=\"elementor-column elementor-col-33 elementor-top-column elementor-element elementor-element-2544f7ea\" data-id=\"2544f7ea\" data-element_type=\"column\" data-e-type=\"column\" data-settings=\"{&quot;background_background&quot;:&quot;classic&quot;}\">\n\t\t\t<div class=\"elementor-widget-wrap elementor-element-populated\">\n\t\t\t\t\t\t<div class=\"elementor-element elementor-element-1b52f3a2 elementor-widget elementor-widget-heading\" data-id=\"1b52f3a2\" data-element_type=\"widget\" data-e-type=\"widget\" data-widget_type=\"heading.default\">\n\t\t\t\t<div class=\"elementor-widget-container\">\n\t\t\t\t\t<h2 class=\"elementor-heading-title elementor-size-default\">Was wir wollen<\/h2>\t\t\t\t<\/div>\n\t\t\t\t<\/div>\n\t\t\t\t<div class=\"elementor-element elementor-element-3c49aadf elementor-widget elementor-widget-text-editor\" data-id=\"3c49aadf\" data-element_type=\"widget\" data-e-type=\"widget\" data-widget_type=\"text-editor.default\">\n\t\t\t\t<div class=\"elementor-widget-container\">\n\t\t\t\t\t\t\t\t\tWe want to keep you informed about the new developments in Central and Eastern Europe so that you can base your investment decision on an up-to-date, broader and factually sound basis.\t\t\t\t\t\t\t\t<\/div>\n\t\t\t\t<\/div>\n\t\t\t\t<div class=\"elementor-element elementor-element-beb3430 elementor-widget elementor-widget-text-editor\" data-id=\"beb3430\" data-element_type=\"widget\" data-e-type=\"widget\" data-widget_type=\"text-editor.default\">\n\t\t\t\t<div class=\"elementor-widget-container\">\n\t\t\t\t\t\t\t\t\tWe have therefore made it our mission:\t\t\t\t\t\t\t\t<\/div>\n\t\t\t\t<\/div>\n\t\t\t\t<div class=\"elementor-element elementor-element-656334b elementor-widget elementor-widget-text-editor\" data-id=\"656334b\" data-element_type=\"widget\" data-e-type=\"widget\" data-widget_type=\"text-editor.default\">\n\t\t\t\t<div class=\"elementor-widget-container\">\n\t\t\t\t\t\t\t\t\t<ul><li>Collect and analyse facts<\/li><li>prepare and systematise information<\/li><li>to recognise new developments, changes and trends in good time<\/li><li>to weigh up opportunities and risks in order to identify market opportunities<\/li><li>to make the companies in Eastern Europe more transparent<\/li><li>to point out new opportunities for contact, cooperation and participation<\/li><\/ul>\t\t\t\t\t\t\t\t<\/div>\n\t\t\t\t<\/div>\n\t\t\t\t<div class=\"elementor-element elementor-element-5eb53da elementor-widget elementor-widget-text-editor\" data-id=\"5eb53da\" data-element_type=\"widget\" data-e-type=\"widget\" data-widget_type=\"text-editor.default\">\n\t\t\t\t<div class=\"elementor-widget-container\">\n\t\t\t\t\t\t\t\t\t<p>and ultimately to help you get started in the eastern stock exchange business with easy-to-understand information.<\/p>\t\t\t\t\t\t\t\t<\/div>\n\t\t\t\t<\/div>\n\t\t\t\t<div class=\"elementor-element elementor-element-87ffa0b elementor-widget elementor-widget-spacer\" data-id=\"87ffa0b\" data-element_type=\"widget\" data-e-type=\"widget\" data-widget_type=\"spacer.default\">\n\t\t\t\t<div class=\"elementor-widget-container\">\n\t\t\t\t\t\t\t<div class=\"elementor-spacer\">\n\t\t\t<div class=\"elementor-spacer-inner\"><\/div>\n\t\t<\/div>\n\t\t\t\t\t\t<\/div>\n\t\t\t\t<\/div>\n\t\t\t\t<div class=\"elementor-element elementor-element-5cf0e868 elementor-widget elementor-widget-heading\" data-id=\"5cf0e868\" data-element_type=\"widget\" data-e-type=\"widget\" data-widget_type=\"heading.default\">\n\t\t\t\t<div class=\"elementor-widget-container\">\n\t\t\t\t\t<h2 class=\"elementor-heading-title elementor-size-default\">Services<\/h2>\t\t\t\t<\/div>\n\t\t\t\t<\/div>\n\t\t\t\t<div class=\"elementor-element elementor-element-e0505a0 elementor-widget elementor-widget-text-editor\" data-id=\"e0505a0\" data-element_type=\"widget\" data-e-type=\"widget\" data-widget_type=\"text-editor.default\">\n\t\t\t\t<div class=\"elementor-widget-container\">\n\t\t\t\t\t\t\t\t\t<p>EST Market Letter<\/p>\t\t\t\t\t\t\t\t<\/div>\n\t\t\t\t<\/div>\n\t\t\t\t<section class=\"elementor-section elementor-inner-section elementor-element elementor-element-6a3c183a elementor-section-boxed elementor-section-height-default elementor-section-height-default\" data-id=\"6a3c183a\" data-element_type=\"section\" data-e-type=\"section\">\n\t\t\t\t\t\t<div class=\"elementor-container elementor-column-gap-default\">\n\t\t\t\t\t<div class=\"elementor-column elementor-col-100 elementor-inner-column elementor-element elementor-element-3bd08564\" data-id=\"3bd08564\" data-element_type=\"column\" data-e-type=\"column\">\n\t\t\t<div class=\"elementor-widget-wrap elementor-element-populated\">\n\t\t\t\t\t\t<div class=\"elementor-element elementor-element-11893f26 elementor-widget elementor-widget-text-editor\" data-id=\"11893f26\" data-element_type=\"widget\" data-e-type=\"widget\" data-widget_type=\"text-editor.default\">\n\t\t\t\t<div class=\"elementor-widget-container\">\n\t\t\t\t\t\t\t\t\t<p>he stock exchanges of Central and Eastern Europe have been among the top performers among the world&#8217;s stock exchanges since 1998. In recent years in particular, many CEE stock exchanges have performed far better than the established Western stock exchanges. In 2019, for example, the Moscow Stock Exchange not only clearly outperformed the DAX and DJI, but also ranked among the 30 best-performing stock exchanges in the world.<\/p><p>Many investors have so far criminally neglected the CEE stock exchanges. Yet the selection of promising stocks is growing. Eastern Europe still has its future ahead of it.<\/p><p><strong>Take advantage of your opportunities now!<\/strong><\/p>\t\t\t\t\t\t\t\t<\/div>\n\t\t\t\t<\/div>\n\t\t\t\t<div class=\"elementor-element elementor-element-239b77f0 elementor-align-left elementor-widget elementor-widget-button\" data-id=\"239b77f0\" data-element_type=\"widget\" data-e-type=\"widget\" data-widget_type=\"button.default\">\n\t\t\t\t<div class=\"elementor-widget-container\">\n\t\t\t\t\t\t\t\t\t<div class=\"elementor-button-wrapper\">\n\t\t\t\t\t<a class=\"elementor-button elementor-button-link elementor-size-sm\" href=\"https:\/\/eaststock.de\/en\/contact-prices\/\">\n\t\t\t\t\t\t<span class=\"elementor-button-content-wrapper\">\n\t\t\t\t\t\t<span class=\"elementor-button-icon\">\n\t\t\t\t<i aria-hidden=\"true\" class=\"far fa-chart-bar\"><\/i>\t\t\t<\/span>\n\t\t\t\t\t\t\t\t\t<span class=\"elementor-button-text\">Order the stock market letter now.<\/span>\n\t\t\t\t\t<\/span>\n\t\t\t\t\t<\/a>\n\t\t\t\t<\/div>\n\t\t\t\t\t\t\t\t<\/div>\n\t\t\t\t<\/div>\n\t\t\t\t<div class=\"elementor-element elementor-element-4e4ba315 elementor-widget elementor-widget-eael-adv-accordion\" data-id=\"4e4ba315\" data-element_type=\"widget\" data-e-type=\"widget\" data-widget_type=\"eael-adv-accordion.default\">\n\t\t\t\t<div class=\"elementor-widget-container\">\n\t\t\t\t\t            <div class=\"eael-adv-accordion\" id=\"eael-adv-accordion-4e4ba315\" data-scroll-on-click=\"no\" data-scroll-speed=\"300\" data-accordion-id=\"4e4ba315\" data-accordion-type=\"accordion\" data-toogle-speed=\"300\">\n            <div class=\"eael-accordion-list\">\n\t\t\t\t\t<div id=\"more-about-the-eastern-stock-market-letter-east-stock-trends\" class=\"elementor-tab-title eael-accordion-header\" tabindex=\"0\" data-tab=\"1\" aria-controls=\"elementor-tab-content-1311\"><span class=\"eael-accordion-tab-title\">More about the Eastern stock market letter \"EAST STOCK TRENDS\"<\/span><i aria-hidden=\"true\" class=\"fa-toggle fas fa-angle-right\"><\/i><\/div><div id=\"elementor-tab-content-1311\" class=\"eael-accordion-content clearfix\" data-tab=\"1\" aria-labelledby=\"more-about-the-eastern-stock-market-letter-east-stock-trends\"><ul><li>analyses the most important trends on the CEE stock exchanges for you monthly on 30-60 pages.<\/li><li>looks not only at the established eastern stock exchanges, such as Moscow, Budapest, Prague and Warsaw, but also at the second-tier countries and the CIS republics<\/li><li>selects the most promising stocks for you from a fundamental and technical point of view and examines not only stocks but also other forms of investment such as funds, bonds, real estate, derivatives and certificates<\/li><li>draws attention to risks and distinguishes between conservative and speculative investment options.<\/li><\/ul><p>The market letter &#8220;EAST STOCK TRENDS&#8221; is published monthly in a printed and electronic edition. The electronic edition is sent to you directly after the editorial deadline, which means it reaches you faster and is also more cost-effective.<\/p><\/div>\n\t\t\t\t\t<\/div><\/div>\t\t\t\t<\/div>\n\t\t\t\t<\/div>\n\t\t\t\t\t<\/div>\n\t\t<\/div>\n\t\t\t\t\t<\/div>\n\t\t<\/section>\n\t\t\t\t\t<\/div>\n\t\t<\/div>\n\t\t\t\t<div class=\"elementor-column elementor-col-33 elementor-top-column elementor-element elementor-element-594c31d\" data-id=\"594c31d\" data-element_type=\"column\" data-e-type=\"column\" data-settings=\"{&quot;background_background&quot;:&quot;classic&quot;}\">\n\t\t\t<div class=\"elementor-widget-wrap elementor-element-populated\">\n\t\t\t\t\t\t<div class=\"elementor-element elementor-element-1832a31 elementor-widget elementor-widget-heading\" data-id=\"1832a31\" data-element_type=\"widget\" data-e-type=\"widget\" data-widget_type=\"heading.default\">\n\t\t\t\t<div class=\"elementor-widget-container\">\n\t\t\t\t\t<h2 class=\"elementor-heading-title elementor-size-default\">The person<\/h2>\t\t\t\t<\/div>\n\t\t\t\t<\/div>\n\t\t\t\t<div class=\"elementor-element elementor-element-9fed2c8 elementor-widget elementor-widget-text-editor\" data-id=\"9fed2c8\" data-element_type=\"widget\" data-e-type=\"widget\" data-widget_type=\"text-editor.default\">\n\t\t\t\t<div class=\"elementor-widget-container\">\n\t\t\t\t\t\t\t\t\t<p>Andreas M\u00e4nnicke studied business administration in Hamburg, graduating with a degree in business administration. After graduating, he was a research assistant at the University of Hamburg (Faculty of Business Administration) for four years. Since 1990 he was in charge of training securities experts and financial analysts in Central and Eastern Europe.<\/p><p>In 1992 he wrote the book &#8220;Go East &#8211; Die Ostb\u00f6rsen kommen&#8221; (A. Schmidt Verlag) in cooperation with his partner Olgierd Bagniewski. Since then he has published numerous articles on the development of the capital markets in Central and Eastern Europe as a freelance business journalist for VWD, magazines such as Wirtschaftswoche, Capital, Manager Magazin, DM Euro, Das Wertpapier, Der Aktion\u00e4r, B\u00f6rse online, Finanzen, Bankmagazin, Ost-West-Contact + Russland Aktuell, WiRo, Kapitalforum, Smart Investor, Derivate-Magazin and for stock exchange letters such as. EAST STOCK TRENDS, Platow-Ostinformationen, \u00d6ko-Invest as well as newspapers such as FAZ, B\u00f6rsen-Zeitung, B\u00f6rsen-Kurier, Die Welt, Welt am Sonntag, Neue Z\u00fcrcher Zeitung (Switzerland), Finanz und Wirtschaft (Switzerland), S\u00fcddeutsche Zeitung, Prager Zeitung as well as detailed reports in compilations such as &#8220;Kapitalm\u00e4rkte in Mittel- und Osteuropa&#8221; (FAZ-Infodienste), &#8220;Osteuropa-Perspektiven&#8221; (FAZ-Infodienste) and &#8220;Wegweiser f\u00fcr Kapitalanlagen 1996\/1997&#8221; (Fortuna Finanz-Verlag).<\/p>\t\t\t\t\t\t\t\t<\/div>\n\t\t\t\t<\/div>\n\t\t\t\t<div class=\"elementor-element elementor-element-ff20752 elementor-widget elementor-widget-text-editor\" data-id=\"ff20752\" data-element_type=\"widget\" data-e-type=\"widget\" data-widget_type=\"text-editor.default\">\n\t\t\t\t<div class=\"elementor-widget-container\">\n\t\t\t\t\t\t\t\t\t<p>In addition, as head of the East Stock Exchange Information Office in Hamburg, he was frequently available for interviews for Teleb\u00f6rse\/n-tv, N24\/B\u00f6rsentalk, ARD Ratgeber Geld, 3SATB\u00f6rse, Bloomberg TV and DAF (www.anleger-fernsehen.de) as well as for Deutsche Welle.<\/p><p>He was a founding member\/advisor of the listed KREMLIN AG ( www.kremlin-ag.de. WKN 513350) and a founding\/supervisory board member of Beteiligungen im Baltikum AG ( www.baltikum.de, WKN 520420 ). He was and is also a speaker at international investment congresses and special East Stock Exchange seminars as well as a lecturer at various universities in Germany and abroad. This year, as Managing Director of ESI East Stock Informationsdienste GmbH, he will prepare and publish further market analyses, write and publish a special East stock market letter (EAST STOCK TRENDS ), organise further seminars, prepare a new book on the East stock markets and inform investors and the media about current trends on the East markets.<\/p><p>On his YouTube channel EastStockTV, Andreas M\u00e4nnicke regularly draws attention to nine developments and opportunities on the world and eastern stock markets and addresses current topics that should interest everyone. Subscribe to the EastStockTV YouTube channel now.<\/p><p>You can also subscribe to Andreas M\u00e4nnicke&#8217;s free newsletter.<\/p>\t\t\t\t\t\t\t\t<\/div>\n\t\t\t\t<\/div>\n\t\t\t\t\t<\/div>\n\t\t<\/div>\n\t\t\t\t<div class=\"elementor-column elementor-col-33 elementor-top-column elementor-element elementor-element-42c6ba0f\" data-id=\"42c6ba0f\" data-element_type=\"column\" data-e-type=\"column\" data-settings=\"{&quot;background_background&quot;:&quot;classic&quot;}\">\n\t\t\t<div class=\"elementor-widget-wrap elementor-element-populated\">\n\t\t\t\t\t\t<div class=\"elementor-element elementor-element-2b31cab4 elementor-widget elementor-widget-image\" data-id=\"2b31cab4\" data-element_type=\"widget\" data-e-type=\"widget\" data-widget_type=\"image.default\">\n\t\t\t\t<div class=\"elementor-widget-container\">\n\t\t\t\t\t\t\t\t\t\t\t\t\t\t\t<img fetchpriority=\"high\" decoding=\"async\" width=\"683\" height=\"1024\" src=\"https:\/\/eaststock.de\/wp-content\/uploads\/2020\/12\/Andreas-Maennicke-683x1024.jpg\" class=\"attachment-large size-large wp-image-329\" alt=\"\" srcset=\"https:\/\/eaststock.de\/wp-content\/uploads\/2020\/12\/Andreas-Maennicke-683x1024.jpg 683w, https:\/\/eaststock.de\/wp-content\/uploads\/2020\/12\/Andreas-Maennicke-200x300.jpg 200w, https:\/\/eaststock.de\/wp-content\/uploads\/2020\/12\/Andreas-Maennicke-768x1152.jpg 768w, https:\/\/eaststock.de\/wp-content\/uploads\/2020\/12\/Andreas-Maennicke-1024x1536.jpg 1024w, https:\/\/eaststock.de\/wp-content\/uploads\/2020\/12\/Andreas-Maennicke.jpg 1200w\" sizes=\"(max-width: 683px) 100vw, 683px\" \/>\t\t\t\t\t\t\t\t\t\t\t\t\t\t\t<\/div>\n\t\t\t\t<\/div>\n\t\t\t\t\t<\/div>\n\t\t<\/div>\n\t\t\t\t\t<\/div>\n\t\t<\/section>\n\t\t\t\t<\/div>\n\t\t","protected":false},"excerpt":{"rendered":"<p>Was wir wollen We want to keep you informed about the new developments in Central and Eastern Europe so that you can base your investment decision on an up-to-date, broader and factually sound basis.We have therefore made it our mission: Collect and analyse facts prepare and systematise information to recognise new developments, changes and trends [&hellip;]<\/p>\n","protected":false},"author":1,"featured_media":0,"parent":0,"menu_order":0,"comment_status":"closed","ping_status":"closed","template":"","meta":{"_acf_changed":false,"footnotes":""},"class_list":["post-1533","page","type-page","status-publish","hentry"],"acf":[],"yoast_head":"<!-- This site is optimized with the Yoast SEO plugin v27.4 - https:\/\/yoast.com\/product\/yoast-seo-wordpress\/ -->\n<title>About ESI - ESI East Stock Informationsdienste GmbH<\/title>\n<meta name=\"robots\" content=\"index, follow, max-snippet:-1, max-image-preview:large, max-video-preview:-1\" \/>\n<link rel=\"canonical\" href=\"https:\/\/eaststock.de\/en\/about-esi\/\" \/>\n<meta property=\"og:locale\" content=\"en_US\" \/>\n<meta property=\"og:type\" content=\"article\" \/>\n<meta property=\"og:title\" content=\"About ESI - ESI East Stock Informationsdienste GmbH\" \/>\n<meta property=\"og:description\" content=\"Was wir wollen We want to keep you informed about the new developments in Central and Eastern Europe so that you can base your investment decision on an up-to-date, broader and factually sound basis.We have therefore made it our mission: Collect and analyse facts prepare and systematise information to recognise new developments, changes and trends [&hellip;]\" \/>\n<meta property=\"og:url\" content=\"https:\/\/eaststock.de\/en\/about-esi\/\" \/>\n<meta property=\"og:site_name\" content=\"ESI East Stock Informationsdienste GmbH\" \/>\n<meta property=\"article:modified_time\" content=\"2021-03-25T15:10:43+00:00\" \/>\n<meta property=\"og:image\" content=\"https:\/\/eaststock.de\/wp-content\/uploads\/2020\/12\/Andreas-Maennicke-683x1024.jpg\" \/>\n<meta name=\"twitter:card\" content=\"summary_large_image\" \/>\n<meta name=\"twitter:label1\" content=\"Est. reading time\" \/>\n\t<meta name=\"twitter:data1\" content=\"4 minutes\" \/>\n<script type=\"application\/ld+json\" class=\"yoast-schema-graph\">{\"@context\":\"https:\\\/\\\/schema.org\",\"@graph\":[{\"@type\":\"WebPage\",\"@id\":\"https:\\\/\\\/eaststock.de\\\/en\\\/about-esi\\\/\",\"url\":\"https:\\\/\\\/eaststock.de\\\/en\\\/about-esi\\\/\",\"name\":\"About ESI - ESI East Stock Informationsdienste GmbH\",\"isPartOf\":{\"@id\":\"https:\\\/\\\/eaststock.de\\\/en\\\/#website\"},\"primaryImageOfPage\":{\"@id\":\"https:\\\/\\\/eaststock.de\\\/en\\\/about-esi\\\/#primaryimage\"},\"image\":{\"@id\":\"https:\\\/\\\/eaststock.de\\\/en\\\/about-esi\\\/#primaryimage\"},\"thumbnailUrl\":\"https:\\\/\\\/eaststock.de\\\/wp-content\\\/uploads\\\/2020\\\/12\\\/Andreas-Maennicke-683x1024.jpg\",\"datePublished\":\"2021-01-08T14:07:41+00:00\",\"dateModified\":\"2021-03-25T15:10:43+00:00\",\"breadcrumb\":{\"@id\":\"https:\\\/\\\/eaststock.de\\\/en\\\/about-esi\\\/#breadcrumb\"},\"inLanguage\":\"en-US\",\"potentialAction\":[{\"@type\":\"ReadAction\",\"target\":[\"https:\\\/\\\/eaststock.de\\\/en\\\/about-esi\\\/\"]}]},{\"@type\":\"ImageObject\",\"inLanguage\":\"en-US\",\"@id\":\"https:\\\/\\\/eaststock.de\\\/en\\\/about-esi\\\/#primaryimage\",\"url\":\"https:\\\/\\\/eaststock.de\\\/wp-content\\\/uploads\\\/2020\\\/12\\\/Andreas-Maennicke-683x1024.jpg\",\"contentUrl\":\"https:\\\/\\\/eaststock.de\\\/wp-content\\\/uploads\\\/2020\\\/12\\\/Andreas-Maennicke-683x1024.jpg\"},{\"@type\":\"BreadcrumbList\",\"@id\":\"https:\\\/\\\/eaststock.de\\\/en\\\/about-esi\\\/#breadcrumb\",\"itemListElement\":[{\"@type\":\"ListItem\",\"position\":1,\"name\":\"Home\",\"item\":\"https:\\\/\\\/eaststock.de\\\/en\\\/\"},{\"@type\":\"ListItem\",\"position\":2,\"name\":\"About ESI\"}]},{\"@type\":\"WebSite\",\"@id\":\"https:\\\/\\\/eaststock.de\\\/en\\\/#website\",\"url\":\"https:\\\/\\\/eaststock.de\\\/en\\\/\",\"name\":\"ESI East Stock Informationsdienste GmbH\",\"description\":\"\",\"potentialAction\":[{\"@type\":\"SearchAction\",\"target\":{\"@type\":\"EntryPoint\",\"urlTemplate\":\"https:\\\/\\\/eaststock.de\\\/en\\\/?s={search_term_string}\"},\"query-input\":{\"@type\":\"PropertyValueSpecification\",\"valueRequired\":true,\"valueName\":\"search_term_string\"}}],\"inLanguage\":\"en-US\"}]}<\/script>\n<!-- \/ Yoast SEO plugin. -->","yoast_head_json":{"title":"About ESI - ESI East Stock Informationsdienste GmbH","robots":{"index":"index","follow":"follow","max-snippet":"max-snippet:-1","max-image-preview":"max-image-preview:large","max-video-preview":"max-video-preview:-1"},"canonical":"https:\/\/eaststock.de\/en\/about-esi\/","og_locale":"en_US","og_type":"article","og_title":"About ESI - ESI East Stock Informationsdienste GmbH","og_description":"Was wir wollen We want to keep you informed about the new developments in Central and Eastern Europe so that you can base your investment decision on an up-to-date, broader and factually sound basis.We have therefore made it our mission: Collect and analyse facts prepare and systematise information to recognise new developments, changes and trends [&hellip;]","og_url":"https:\/\/eaststock.de\/en\/about-esi\/","og_site_name":"ESI East Stock Informationsdienste GmbH","article_modified_time":"2021-03-25T15:10:43+00:00","og_image":[{"url":"https:\/\/eaststock.de\/wp-content\/uploads\/2020\/12\/Andreas-Maennicke-683x1024.jpg","type":"","width":"","height":""}],"twitter_card":"summary_large_image","twitter_misc":{"Est. reading time":"4 minutes"},"schema":{"@context":"https:\/\/schema.org","@graph":[{"@type":"WebPage","@id":"https:\/\/eaststock.de\/en\/about-esi\/","url":"https:\/\/eaststock.de\/en\/about-esi\/","name":"About ESI - ESI East Stock Informationsdienste GmbH","isPartOf":{"@id":"https:\/\/eaststock.de\/en\/#website"},"primaryImageOfPage":{"@id":"https:\/\/eaststock.de\/en\/about-esi\/#primaryimage"},"image":{"@id":"https:\/\/eaststock.de\/en\/about-esi\/#primaryimage"},"thumbnailUrl":"https:\/\/eaststock.de\/wp-content\/uploads\/2020\/12\/Andreas-Maennicke-683x1024.jpg","datePublished":"2021-01-08T14:07:41+00:00","dateModified":"2021-03-25T15:10:43+00:00","breadcrumb":{"@id":"https:\/\/eaststock.de\/en\/about-esi\/#breadcrumb"},"inLanguage":"en-US","potentialAction":[{"@type":"ReadAction","target":["https:\/\/eaststock.de\/en\/about-esi\/"]}]},{"@type":"ImageObject","inLanguage":"en-US","@id":"https:\/\/eaststock.de\/en\/about-esi\/#primaryimage","url":"https:\/\/eaststock.de\/wp-content\/uploads\/2020\/12\/Andreas-Maennicke-683x1024.jpg","contentUrl":"https:\/\/eaststock.de\/wp-content\/uploads\/2020\/12\/Andreas-Maennicke-683x1024.jpg"},{"@type":"BreadcrumbList","@id":"https:\/\/eaststock.de\/en\/about-esi\/#breadcrumb","itemListElement":[{"@type":"ListItem","position":1,"name":"Home","item":"https:\/\/eaststock.de\/en\/"},{"@type":"ListItem","position":2,"name":"About ESI"}]},{"@type":"WebSite","@id":"https:\/\/eaststock.de\/en\/#website","url":"https:\/\/eaststock.de\/en\/","name":"ESI East Stock Informationsdienste GmbH","description":"","potentialAction":[{"@type":"SearchAction","target":{"@type":"EntryPoint","urlTemplate":"https:\/\/eaststock.de\/en\/?s={search_term_string}"},"query-input":{"@type":"PropertyValueSpecification","valueRequired":true,"valueName":"search_term_string"}}],"inLanguage":"en-US"}]}},"_links":{"self":[{"href":"https:\/\/eaststock.de\/en\/wp-json\/wp\/v2\/pages\/1533","targetHints":{"allow":["GET"]}}],"collection":[{"href":"https:\/\/eaststock.de\/en\/wp-json\/wp\/v2\/pages"}],"about":[{"href":"https:\/\/eaststock.de\/en\/wp-json\/wp\/v2\/types\/page"}],"author":[{"embeddable":true,"href":"https:\/\/eaststock.de\/en\/wp-json\/wp\/v2\/users\/1"}],"replies":[{"embeddable":true,"href":"https:\/\/eaststock.de\/en\/wp-json\/wp\/v2\/comments?post=1533"}],"version-history":[{"count":14,"href":"https:\/\/eaststock.de\/en\/wp-json\/wp\/v2\/pages\/1533\/revisions"}],"predecessor-version":[{"id":1578,"href":"https:\/\/eaststock.de\/en\/wp-json\/wp\/v2\/pages\/1533\/revisions\/1578"}],"wp:attachment":[{"href":"https:\/\/eaststock.de\/en\/wp-json\/wp\/v2\/media?parent=1533"}],"curies":[{"name":"wp","href":"https:\/\/api.w.org\/{rel}","templated":true}]}}