{"id":1532,"date":"2021-02-11T13:20:30","date_gmt":"2021-02-11T13:20:30","guid":{"rendered":"https:\/\/eaststock.de\/seminare\/go-east-in-der-krise-liegt-die-chance\/"},"modified":"2021-02-11T13:20:30","modified_gmt":"2021-02-11T13:20:30","slug":"go-east-in-der-krise-liegt-die-chance","status":"publish","type":"page","link":"https:\/\/eaststock.de\/en\/seminars\/go-east-in-der-krise-liegt-die-chance\/","title":{"rendered":"\u201eGo East\u201c- In der Krise liegt die Chance\u201c"},"content":{"rendered":"\t\t<div data-elementor-type=\"wp-page\" data-elementor-id=\"1532\" class=\"elementor elementor-1532 elementor-1328\" data-elementor-post-type=\"page\">\n\t\t\t\t\t\t<section class=\"elementor-section elementor-top-section elementor-element elementor-element-29467ca1 elementor-section-boxed elementor-section-height-default elementor-section-height-default\" data-id=\"29467ca1\" data-element_type=\"section\" data-e-type=\"section\" data-settings=\"{&quot;background_background&quot;:&quot;classic&quot;}\">\n\t\t\t\t\t\t<div class=\"elementor-container elementor-column-gap-default\">\n\t\t\t\t\t<div class=\"elementor-column elementor-col-100 elementor-top-column elementor-element elementor-element-768de813\" data-id=\"768de813\" data-element_type=\"column\" data-e-type=\"column\" data-settings=\"{&quot;background_background&quot;:&quot;classic&quot;}\">\n\t\t\t<div class=\"elementor-widget-wrap elementor-element-populated\">\n\t\t\t\t\t\t<div class=\"elementor-element elementor-element-792c9670 elementor-widget elementor-widget-spacer\" data-id=\"792c9670\" data-element_type=\"widget\" data-e-type=\"widget\" data-widget_type=\"spacer.default\">\n\t\t\t\t<div class=\"elementor-widget-container\">\n\t\t\t\t\t\t\t<div class=\"elementor-spacer\">\n\t\t\t<div class=\"elementor-spacer-inner\"><\/div>\n\t\t<\/div>\n\t\t\t\t\t\t<\/div>\n\t\t\t\t<\/div>\n\t\t\t\t\t<\/div>\n\t\t<\/div>\n\t\t\t\t\t<\/div>\n\t\t<\/section>\n\t\t\t\t<section class=\"elementor-section elementor-top-section elementor-element elementor-element-a549145 elementor-section-boxed elementor-section-height-default elementor-section-height-default\" data-id=\"a549145\" data-element_type=\"section\" data-e-type=\"section\">\n\t\t\t\t\t\t<div class=\"elementor-container elementor-column-gap-default\">\n\t\t\t\t\t<div class=\"elementor-column elementor-col-66 elementor-top-column elementor-element elementor-element-746d2764\" data-id=\"746d2764\" data-element_type=\"column\" data-e-type=\"column\" data-settings=\"{&quot;background_background&quot;:&quot;classic&quot;}\">\n\t\t\t<div class=\"elementor-widget-wrap elementor-element-populated\">\n\t\t\t\t\t\t<div class=\"elementor-element elementor-element-5eee7ce elementor-widget elementor-widget-heading\" data-id=\"5eee7ce\" data-element_type=\"widget\" data-e-type=\"widget\" data-widget_type=\"heading.default\">\n\t\t\t\t<div class=\"elementor-widget-container\">\n\t\t\t\t\t<h2 class=\"elementor-heading-title elementor-size-default\">\"Go East\"- In der Krise liegt die Chance\"<\/h2>\t\t\t\t<\/div>\n\t\t\t\t<\/div>\n\t\t\t\t<div class=\"elementor-element elementor-element-2e4478f elementor-widget elementor-widget-text-editor\" data-id=\"2e4478f\" data-element_type=\"widget\" data-e-type=\"widget\" data-widget_type=\"text-editor.default\">\n\t\t\t\t<div class=\"elementor-widget-container\">\n\t\t\t\t\t\t\t\t\t<p>im Mai 2021 in Frankfurt\/M um 17.00 Uhr &#8211; Kosten 120 \u20ac (Abendkasse 150 \u20ac, Dauer 4 Stunden)<\/p>\t\t\t\t\t\t\t\t<\/div>\n\t\t\t\t<\/div>\n\t\t\t\t<div class=\"elementor-element elementor-element-ef224d9 elementor-widget elementor-widget-text-editor\" data-id=\"ef224d9\" data-element_type=\"widget\" data-e-type=\"widget\" data-widget_type=\"text-editor.default\">\n\t\t\t\t<div class=\"elementor-widget-container\">\n\t\t\t\t\t\t\t\t\t<p><strong>Ostb\u00f6rsen-Seminar \u201cGo East \u2013 In der Krise liegt die Chance!\u201c<\/strong><\/p><p><strong>Referenten: Andreas M\u00e4nnicke (Gf der ESI GmbH), andere Referenten angefragt<\/strong><\/p><p>Ort: Frankfurt\/M, Hotel Monopol, Mannheimer Str. 11-13<br \/>Datum: <strong>Mai 201 um 17.00 Uhr <\/strong><br \/>Beginn: 17.00 Uhr (Dauer 4 Stunden), Kosten: 170 \u20ac (vor Seminarbeginn), Abendkasse 200 T, EST- und EMT-Leser zahlen nur 120 \u20ac, Abendkasse 150 (Kostenersparnis 50 \u20ac). Bei langj\u00e4hrigeren Seminarteilnehmern ohne MwSt!<\/p><ol><li><strong> Coronavirus-Krise: Mega-Chance oder black swan?<\/strong><ul><li>F\u00fchrt die globale Verschuldung zu einer W\u00e4hrungsreform? Sind Kryptow\u00e4hrungen (wie Bitcoins) eine Alternative? Wohin mit dem Geld im Krisenfall?<\/li><li>Konjunkturaufschwung oder System-Crash im 2. Halbjahr 2021?<\/li><li>Das Horror-Krall- Szenario: erst Deflation (=Depression), dann Hyper-Inflation?<\/li><li>Wohin gehen die Rohstoffe Gold, Silber, \u00d6l u.a.? ETC als neue Chance im Rohstoffsektor<\/li><li>Wohin gehen die W\u00e4hrungen (vor allem der Rubel)? \u00a0Wohin gehen Kryptow\u00e4hrungen (wie Bitcoin, Ethereum etc)?<\/li><li>Wohin f\u00fchrt der Handels-, Finanz- und W\u00e4hrungskrieg USA gegen China\/Russland?<\/li><li>Was bringt das Anti-Krisen-Programm von Putin in Russland?<\/li><li>Wozu f\u00fchrt die Drogenpolitik der Notenbank? Notenbanken in Zukunft hilflos?<\/li><li>Kann es in 2020 einen zweiten Mega-Crash geben und wie sch\u00fctze ich mich davor?<\/li><li>Das neue AMC Zertifikat als Alternative<\/li><\/ul><\/li><li><strong>Neue Chancen in Russland\/Ukraine\/Kasachstan<br \/><\/strong><strong><br \/>Was bewirken \u00d6lpreis und Sanktionen in Zukunft? Moskauer B\u00f6rse \u2013 einsteigen oder aussteigen?<br \/><\/strong><br \/>Neue Chancen im Rohstoff, aber auch im High-Tech-Sektor<p>Analyse der besten Gold\/Silber-Aktien, Rohstoffaktien, Dividendenperlen, Wachstumsaktien und Turnaround-Akten aus Osteuropa<\/p><\/li><li><strong>Outperformancechancen an den Ostb\u00f6rsen \u2013 L\u00e4nder- und Branchen-Selektion \u2013 wo sind die n\u00e4chsten 100%-er und Tenbagger der Zukunft?<\/strong><\/li><li><strong>K<\/strong><strong>onkrete Anlagestrategien und Anlageempfehlungen &#8211; Top 10 Osteuropa <\/strong><\/li><li><strong>Abschlie\u00dfende Diskussion: wie wird das B\u00f6rsenjahr 2021?<\/strong><\/li><\/ol><p><strong><br \/>Melden Sie sich jetzt an<\/strong> bei der ESI GmbH, J\u00fcthornstr. 88. 22043 Hamburg, Tel: 040\/6570883, <a href=\"tel:01713575775\">0171-3575775<\/a> mobil, Fax, 040\/6570884, E-Mail: <a href=\"mailto:info@eaststock.de\">info@eaststock.de<\/a> oder unter <a href=\"https:\/\/eaststock.de\">www.eaststock.de<\/a><\/p><p>Mehrmals im Jahr veranstaltet die ESI-GmbH zusammen mit namhaften Banken und Emissionsh\u00e4usern bzw. Brokern und Aktiengesellschaften Seminare rund um das Thema Ostb\u00f6rsen und Emerging Markets. Hier werden aktuelle Tendenzen aufgegriffen und in konkrete Vorschl\u00e4ge umgesetzt. Hier treffen Sie auch Gleichgesinnte, mit denen Sie sich austauschen und diskutieren k\u00f6nnen.<\/p><p>ESI-Basis-Seminar \u00fcber Investmentchancen in Osteuropa, prim\u00e4r \u00fcber die B\u00f6rsen von Budapest, Prag, Warschau, Moskau und sonstige Exotenb\u00f6rsen im (gar nicht mehr so) &#8220;Wilden Osten&#8221;.<\/p><p><strong>Dauer:<\/strong> ca. 4 Stunden abends<br \/><strong>Kosten:<\/strong> Vvk. 120 Euro, Abendkasse 150 Euro (Preise inkl. MwSt.) f\u00fcr EST- und EMT-Leser, sonst 170 \u20ac (Abendkasse 200 \u20ac).<\/p>\t\t\t\t\t\t\t\t<\/div>\n\t\t\t\t<\/div>\n\t\t\t\t\t<\/div>\n\t\t<\/div>\n\t\t\t\t<div class=\"elementor-column elementor-col-33 elementor-top-column elementor-element elementor-element-3bc31e95\" data-id=\"3bc31e95\" data-element_type=\"column\" data-e-type=\"column\" data-settings=\"{&quot;background_background&quot;:&quot;classic&quot;}\">\n\t\t\t<div class=\"elementor-widget-wrap elementor-element-populated\">\n\t\t\t\t\t\t<div class=\"elementor-element elementor-element-5ed542b6 elementor-widget elementor-widget-heading\" data-id=\"5ed542b6\" data-element_type=\"widget\" data-e-type=\"widget\" data-widget_type=\"heading.default\">\n\t\t\t\t<div class=\"elementor-widget-container\">\n\t\t\t\t\t<h2 class=\"elementor-heading-title elementor-size-default\">Anmelden f\u00fcr Seminar<\/h2>\t\t\t\t<\/div>\n\t\t\t\t<\/div>\n\t\t\t\t<div class=\"elementor-element elementor-element-2c5abd6f elementor-widget elementor-widget-text-editor\" data-id=\"2c5abd6f\" data-element_type=\"widget\" data-e-type=\"widget\" data-widget_type=\"text-editor.default\">\n\t\t\t\t<div class=\"elementor-widget-container\">\n\t\t\t\t\t\t\t\t\t<p>Sie k\u00f6nnen sich hier f\u00fcr die kommenden Seminare anmelden. Bitte w\u00e4hlen Sie Ihren Wunschseminar und -termin und geben Sie Ihre Kontaktdaten an. Ich werde mich anschliessend mit Ihnen in Verbindung setzen. Vielen Dank!<\/p>\t\t\t\t\t\t\t\t<\/div>\n\t\t\t\t<\/div>\n\t\t\t\t<div class=\"elementor-element elementor-element-f6d7d98 elementor-widget elementor-widget-wp-widget-frm_show_form\" data-id=\"f6d7d98\" data-element_type=\"widget\" data-e-type=\"widget\" data-widget_type=\"wp-widget-frm_show_form.default\">\n\t\t\t\t<div class=\"elementor-widget-container\">\n\t\t\t\t\t<div class=\"frm_form_widget\"><div class=\"frm_forms  with_frm_style frm_style_formidable-style\" id=\"frm_form_6_container\" >\n<form enctype=\"multipart\/form-data\" method=\"post\" class=\"frm-show-form  frm_pro_form \" id=\"form_kontaktformularf94317752663ca7de09e\" >\n<div class=\"frm_form_fields \">\n<fieldset>\n<legend class=\"frm_screen_reader\">Seminar Anmeldung<\/legend>\r\n\r\n<div class=\"frm_fields_container\">\n<input type=\"hidden\" name=\"frm_action\" value=\"create\" \/>\n<input type=\"hidden\" name=\"form_id\" value=\"6\" \/>\n<input type=\"hidden\" name=\"frm_hide_fields_6\" id=\"frm_hide_fields_6\" value=\"\" \/>\n<input type=\"hidden\" name=\"form_key\" value=\"kontaktformularf94317752663ca7de09e\" \/>\n<input type=\"hidden\" name=\"item_meta[0]\" value=\"\" \/>\n<input type=\"hidden\" id=\"frm_submit_entry_6\" name=\"frm_submit_entry_6\" value=\"da6a164d4b\" \/><input type=\"hidden\" name=\"_wp_http_referer\" value=\"\/en\/wp-json\/wp\/v2\/pages\/1532\" \/><div id=\"frm_field_58_container\" class=\"frm_form_field form-field  frm_required_field frm_top_container\">\r\n    <label for=\"field_vm0vq\" id=\"field_vm0vq_label\" class=\"frm_primary_label\">Seminare\/Termin\r\n        <span class=\"frm_required\">*<\/span>\r\n    <\/label>\r\n    \t\t<select name=\"item_meta[58]\" id=\"field_vm0vq\"  data-reqmsg=\"Dieses Feld darf nicht leer sein.\" aria-required=\"true\" data-invmsg=\"Seminare\/Termin is invalid\" aria-invalid=\"false\"  >\n\t\t<option  value=\"\u201eGo East\u201c- In der Krise liegt die Chance\u201c, im Mai 2021 in Frankfurt\/M um 17.00 Uhr\">\u201eGo East\u201c- In der Krise liegt die Chance\u201c, im Mai 2021 in Frankfurt\/M um 17.00 Uhr<\/option>\t<\/select>\n\t\r\n    \r\n    \r\n<\/div>\n<div id=\"frm_field_47_container\" class=\"frm_form_field form-field  frm_required_field frm_top_container\">\r\n    <label for=\"field_r4jynff94dd1badb2e482eb41\" id=\"field_r4jynff94dd1badb2e482eb41_label\" class=\"frm_primary_label\">Ihr Vor- und Nachname\r\n        <span class=\"frm_required\">*<\/span>\r\n    <\/label>\r\n    <input  type=\"text\" id=\"field_r4jynff94dd1badb2e482eb41\" name=\"item_meta[47]\" value=\"\"  data-reqmsg=\"Dieses Feld darf nicht leer sein.\" aria-required=\"true\" data-invmsg=\"Text ist ung\u00fcltig\" aria-invalid=\"false\"   \/>\r\n    \r\n    \r\n<\/div>\n<div id=\"frm_field_48_container\" class=\"frm_form_field form-field  frm_top_container\">\r\n    <label for=\"field_gk2178ac12a9aeafed1ed7ab8\" id=\"field_gk2178ac12a9aeafed1ed7ab8_label\" class=\"frm_primary_label\">Firma\r\n        <span class=\"frm_required\"><\/span>\r\n    <\/label>\r\n    <input  type=\"text\" id=\"field_gk2178ac12a9aeafed1ed7ab8\" name=\"item_meta[48]\" value=\"\"  data-invmsg=\"Text ist ung\u00fcltig\" aria-invalid=\"false\"   \/>\r\n    \r\n    \r\n<\/div>\n<div id=\"frm_field_49_container\" class=\"frm_form_field form-field  frm_required_field frm_top_container\">\r\n    <label for=\"field_ixqly6a2a4bb74e6e54cf99bc\" id=\"field_ixqly6a2a4bb74e6e54cf99bc_label\" class=\"frm_primary_label\">Ihre E-Mail Adresse\r\n        <span class=\"frm_required\">*<\/span>\r\n    <\/label>\r\n    <input type=\"email\" id=\"field_ixqly6a2a4bb74e6e54cf99bc\" name=\"item_meta[49]\" value=\"\"  data-reqmsg=\"Dieses Feld darf nicht leer sein.\" aria-required=\"true\" data-invmsg=\"E-Mail ist ung\u00fcltig\" aria-invalid=\"false\"  \/>\r\n    \r\n    \r\n<\/div>\n<div id=\"frm_field_50_container\" class=\"frm_form_field form-field  frm_required_field frm_top_container\">\r\n    <label for=\"field_z66fwae79d030c446c553f9e2\" id=\"field_z66fwae79d030c446c553f9e2_label\" class=\"frm_primary_label\">Telefon\r\n        <span class=\"frm_required\">*<\/span>\r\n    <\/label>\r\n    <input  type=\"text\" id=\"field_z66fwae79d030c446c553f9e2\" name=\"item_meta[50]\" value=\"\"  data-reqmsg=\"Dieses Feld darf nicht leer sein.\" aria-required=\"true\" data-invmsg=\"Text ist ung\u00fcltig\" aria-invalid=\"false\"   \/>\r\n    \r\n    \r\n<\/div>\n<div id=\"frm_field_51_container\" class=\"frm_form_field form-field  frm_required_field frm_top_container\">\r\n    <label for=\"field_hrav1a2359b6afe3c11773069\" id=\"field_hrav1a2359b6afe3c11773069_label\" class=\"frm_primary_label\">Stra\u00dfe und Hausnummer\r\n        <span class=\"frm_required\">*<\/span>\r\n    <\/label>\r\n    <input  type=\"text\" id=\"field_hrav1a2359b6afe3c11773069\" name=\"item_meta[51]\" value=\"\"  data-reqmsg=\"Dieses Feld darf nicht leer sein.\" aria-required=\"true\" data-invmsg=\"Text ist ung\u00fcltig\" aria-invalid=\"false\"   \/>\r\n    \r\n    \r\n<\/div>\n<div id=\"frm_field_52_container\" class=\"frm_form_field form-field  frm_required_field frm_top_container frm_first frm_fourth\">\r\n    <label for=\"field_dmrk79be14e24ae6d682871c0\" id=\"field_dmrk79be14e24ae6d682871c0_label\" class=\"frm_primary_label\">PLZ\r\n        <span class=\"frm_required\">*<\/span>\r\n    <\/label>\r\n    <input  type=\"text\" id=\"field_dmrk79be14e24ae6d682871c0\" name=\"item_meta[52]\" value=\"\"  data-reqmsg=\"Dieses Feld darf nicht leer sein.\" aria-required=\"true\" data-invmsg=\"Text ist ung\u00fcltig\" aria-invalid=\"false\"   \/>\r\n    \r\n    \r\n<\/div>\n<div id=\"frm_field_53_container\" class=\"frm_form_field form-field  frm_required_field frm_top_container frm_three_fourths\">\r\n    <label for=\"field_ndvba94430f800cc7216c8f14\" id=\"field_ndvba94430f800cc7216c8f14_label\" class=\"frm_primary_label\">Ort\r\n        <span class=\"frm_required\">*<\/span>\r\n    <\/label>\r\n    <input  type=\"text\" id=\"field_ndvba94430f800cc7216c8f14\" name=\"item_meta[53]\" value=\"\"  data-reqmsg=\"Dieses Feld darf nicht leer sein.\" aria-required=\"true\" data-invmsg=\"Text ist ung\u00fcltig\" aria-invalid=\"false\"   \/>\r\n    \r\n    \r\n<\/div>\n<div id=\"frm_field_54_container\" class=\"frm_form_field form-field  frm_required_field frm_top_container\">\r\n    <label for=\"field_iq461874b4dadc6\" id=\"field_iq461874b4dadc6_label\" class=\"frm_primary_label\">Land\r\n        <span class=\"frm_required\">*<\/span>\r\n    <\/label>\r\n    <input  type=\"text\" id=\"field_iq461874b4dadc6\" name=\"item_meta[54]\" value=\"\"  data-reqmsg=\"Dieses Feld darf nicht leer sein.\" aria-required=\"true\" data-invmsg=\"Text ist ung\u00fcltig\" aria-invalid=\"false\"   \/>\r\n    \r\n    \r\n<\/div>\n<div id=\"frm_field_55_container\" class=\"frm_form_field form-field  frm_required_field frm_top_container\">\r\n    <label for=\"field_dz2pd1c6da7bfa0f2f705fa88\" id=\"field_dz2pd1c6da7bfa0f2f705fa88_label\" class=\"frm_primary_label\">Betreff\r\n        <span class=\"frm_required\">*<\/span>\r\n    <\/label>\r\n    <input  type=\"text\" id=\"field_dz2pd1c6da7bfa0f2f705fa88\" name=\"item_meta[55]\" value=\"\"  data-reqmsg=\"Dieses Feld darf nicht leer sein.\" aria-required=\"true\" data-invmsg=\"Text ist ung\u00fcltig\" aria-invalid=\"false\"   \/>\r\n    \r\n    \r\n<\/div>\n<div id=\"frm_field_56_container\" class=\"frm_form_field form-field  frm_required_field frm_top_container\">\r\n    <label for=\"field_mla8w7328f6e60fc671514d26\" id=\"field_mla8w7328f6e60fc671514d26_label\" class=\"frm_primary_label\">Anmerkung\r\n        <span class=\"frm_required\">*<\/span>\r\n    <\/label>\r\n    <textarea name=\"item_meta[56]\" id=\"field_mla8w7328f6e60fc671514d26\" rows=\"3\"  data-reqmsg=\"Dieses Feld darf nicht leer sein.\" aria-required=\"true\" data-invmsg=\"Anmerkung is invalid\" aria-invalid=\"false\"  ><\/textarea>\r\n    \r\n    \r\n<\/div>\n<div id=\"frm_field_57_container\" class=\"frm_form_field form-field  frm_none_container\">\r\n    <label for=\"g-recaptcha-response\" id=\"field_ctp7t65f0bf0ba0bc854ad9da_label\" class=\"frm_primary_label\">reCAPTCHA\r\n        <span class=\"frm_required\"><\/span>\r\n    <\/label>\r\n    <div  id=\"field_ctp7t65f0bf0ba0bc854ad9da\" class=\"frm-g-recaptcha\" data-sitekey=\"6Lf4lYEqAAAAAHnsxNIwGwapEE_PX0IJ4FLUIwdF\" data-size=\"invisible\" data-theme=\"light\"><\/div>\r\n    \r\n    \r\n<\/div>\n\t<input type=\"hidden\" name=\"item_key\" value=\"\" \/>\n\t\t\t<div id=\"frm_field_78_container\">\n\t\t\t<label for=\"field_bn8p1\" >\n\t\t\t\tIf you are human, leave this field blank.\t\t\t<\/label>\n\t\t\t<input  id=\"field_bn8p1\" type=\"text\" class=\"frm_form_field form-field frm_verify\" name=\"item_meta[78]\" value=\"\"  \/>\n\t\t<\/div>\n\t\t<input name=\"frm_state\" type=\"hidden\" value=\"Z5PjeqOWRssYK9lGCC5GSfS9FsoP4q6gTt\/CF\/15O+lP8AbUPxTM06ojQZOKVyEq\" \/><div class=\"frm_submit\">\r\n\r\n<button class=\"frm_button_submit frm_final_submit\" type=\"submit\"   formnovalidate=\"formnovalidate\">Senden<\/button>\r\n\r\n<\/div><\/div>\n<\/fieldset>\n<\/div>\n\n<p style=\"display: none !important;\" class=\"akismet-fields-container\" data-prefix=\"ak_\"><label>&#916;<textarea name=\"ak_hp_textarea\" cols=\"45\" rows=\"8\" maxlength=\"100\"><\/textarea><\/label><input type=\"hidden\" id=\"ak_js_1\" name=\"ak_js\" value=\"196\"\/><script>document.getElementById( \"ak_js_1\" ).setAttribute( \"value\", ( new Date() ).getTime() );<\/script><\/p><\/form>\n<\/div>\n<\/div>\t\t\t\t<\/div>\n\t\t\t\t<\/div>\n\t\t\t\t\t<\/div>\n\t\t<\/div>\n\t\t\t\t\t<\/div>\n\t\t<\/section>\n\t\t\t\t<\/div>\n\t\t","protected":false},"excerpt":{"rendered":"<p>&#8220;Go East&#8221;- In der Krise liegt die Chance&#8221; im Mai 2021 in Frankfurt\/M um 17.00 Uhr &#8211; Kosten 120 \u20ac (Abendkasse 150 \u20ac, Dauer 4 Stunden) Ostb\u00f6rsen-Seminar \u201cGo East \u2013 In der Krise liegt die Chance!\u201c Referenten: Andreas M\u00e4nnicke (Gf der ESI GmbH), andere Referenten angefragt Ort: Frankfurt\/M, Hotel Monopol, Mannheimer Str. 11-13Datum: Mai 201 [&hellip;]<\/p>\n","protected":false},"author":1,"featured_media":0,"parent":1530,"menu_order":1,"comment_status":"closed","ping_status":"closed","template":"elementor_header_footer","meta":{"_acf_changed":false,"footnotes":""},"class_list":["post-1532","page","type-page","status-publish","hentry"],"acf":[],"yoast_head":"<!-- This site is optimized with the Yoast SEO plugin v27.3 - https:\/\/yoast.com\/product\/yoast-seo-wordpress\/ -->\n<title>\u201eGo East\u201c- In der Krise liegt die Chance\u201c - ESI East Stock Informationsdienste GmbH<\/title>\n<meta name=\"robots\" content=\"index, follow, max-snippet:-1, max-image-preview:large, max-video-preview:-1\" \/>\n<link rel=\"canonical\" href=\"https:\/\/eaststock.de\/en\/seminars\/go-east-in-der-krise-liegt-die-chance\/\" \/>\n<meta property=\"og:locale\" content=\"en_US\" \/>\n<meta property=\"og:type\" content=\"article\" \/>\n<meta property=\"og:title\" content=\"\u201eGo East\u201c- In der Krise liegt die Chance\u201c - ESI East Stock Informationsdienste GmbH\" \/>\n<meta property=\"og:description\" content=\"&#8220;Go East&#8221;- In der Krise liegt die Chance&#8221; im Mai 2021 in Frankfurt\/M um 17.00 Uhr &#8211; Kosten 120 \u20ac (Abendkasse 150 \u20ac, Dauer 4 Stunden) Ostb\u00f6rsen-Seminar \u201cGo East \u2013 In der Krise liegt die Chance!\u201c Referenten: Andreas M\u00e4nnicke (Gf der ESI GmbH), andere Referenten angefragt Ort: Frankfurt\/M, Hotel Monopol, Mannheimer Str. 11-13Datum: Mai 201 [&hellip;]\" \/>\n<meta property=\"og:url\" content=\"https:\/\/eaststock.de\/en\/seminars\/go-east-in-der-krise-liegt-die-chance\/\" \/>\n<meta property=\"og:site_name\" content=\"ESI East Stock Informationsdienste GmbH\" \/>\n<meta name=\"twitter:card\" content=\"summary_large_image\" \/>\n<meta name=\"twitter:label1\" content=\"Est. reading time\" \/>\n\t<meta name=\"twitter:data1\" content=\"3 minutes\" \/>\n<script type=\"application\/ld+json\" class=\"yoast-schema-graph\">{\"@context\":\"https:\\\/\\\/schema.org\",\"@graph\":[{\"@type\":\"WebPage\",\"@id\":\"https:\\\/\\\/eaststock.de\\\/en\\\/seminars\\\/go-east-in-der-krise-liegt-die-chance\\\/\",\"url\":\"https:\\\/\\\/eaststock.de\\\/en\\\/seminars\\\/go-east-in-der-krise-liegt-die-chance\\\/\",\"name\":\"\u201eGo East\u201c- In der Krise liegt die Chance\u201c - ESI East Stock Informationsdienste GmbH\",\"isPartOf\":{\"@id\":\"https:\\\/\\\/eaststock.de\\\/en\\\/#website\"},\"datePublished\":\"2021-02-11T13:20:30+00:00\",\"breadcrumb\":{\"@id\":\"https:\\\/\\\/eaststock.de\\\/en\\\/seminars\\\/go-east-in-der-krise-liegt-die-chance\\\/#breadcrumb\"},\"inLanguage\":\"en-US\",\"potentialAction\":[{\"@type\":\"ReadAction\",\"target\":[\"https:\\\/\\\/eaststock.de\\\/en\\\/seminars\\\/go-east-in-der-krise-liegt-die-chance\\\/\"]}]},{\"@type\":\"BreadcrumbList\",\"@id\":\"https:\\\/\\\/eaststock.de\\\/en\\\/seminars\\\/go-east-in-der-krise-liegt-die-chance\\\/#breadcrumb\",\"itemListElement\":[{\"@type\":\"ListItem\",\"position\":1,\"name\":\"Home\",\"item\":\"https:\\\/\\\/eaststock.de\\\/en\\\/\"},{\"@type\":\"ListItem\",\"position\":2,\"name\":\"Seminars\",\"item\":\"https:\\\/\\\/eaststock.de\\\/en\\\/seminars\\\/\"},{\"@type\":\"ListItem\",\"position\":3,\"name\":\"\u201eGo East\u201c- In der Krise liegt die Chance\u201c\"}]},{\"@type\":\"WebSite\",\"@id\":\"https:\\\/\\\/eaststock.de\\\/en\\\/#website\",\"url\":\"https:\\\/\\\/eaststock.de\\\/en\\\/\",\"name\":\"ESI East Stock Informationsdienste GmbH\",\"description\":\"\",\"potentialAction\":[{\"@type\":\"SearchAction\",\"target\":{\"@type\":\"EntryPoint\",\"urlTemplate\":\"https:\\\/\\\/eaststock.de\\\/en\\\/?s={search_term_string}\"},\"query-input\":{\"@type\":\"PropertyValueSpecification\",\"valueRequired\":true,\"valueName\":\"search_term_string\"}}],\"inLanguage\":\"en-US\"}]}<\/script>\n<!-- \/ Yoast SEO plugin. -->","yoast_head_json":{"title":"\u201eGo East\u201c- In der Krise liegt die Chance\u201c - ESI East Stock Informationsdienste GmbH","robots":{"index":"index","follow":"follow","max-snippet":"max-snippet:-1","max-image-preview":"max-image-preview:large","max-video-preview":"max-video-preview:-1"},"canonical":"https:\/\/eaststock.de\/en\/seminars\/go-east-in-der-krise-liegt-die-chance\/","og_locale":"en_US","og_type":"article","og_title":"\u201eGo East\u201c- In der Krise liegt die Chance\u201c - ESI East Stock Informationsdienste GmbH","og_description":"&#8220;Go East&#8221;- In der Krise liegt die Chance&#8221; im Mai 2021 in Frankfurt\/M um 17.00 Uhr &#8211; Kosten 120 \u20ac (Abendkasse 150 \u20ac, Dauer 4 Stunden) Ostb\u00f6rsen-Seminar \u201cGo East \u2013 In der Krise liegt die Chance!\u201c Referenten: Andreas M\u00e4nnicke (Gf der ESI GmbH), andere Referenten angefragt Ort: Frankfurt\/M, Hotel Monopol, Mannheimer Str. 11-13Datum: Mai 201 [&hellip;]","og_url":"https:\/\/eaststock.de\/en\/seminars\/go-east-in-der-krise-liegt-die-chance\/","og_site_name":"ESI East Stock Informationsdienste GmbH","twitter_card":"summary_large_image","twitter_misc":{"Est. reading time":"3 minutes"},"schema":{"@context":"https:\/\/schema.org","@graph":[{"@type":"WebPage","@id":"https:\/\/eaststock.de\/en\/seminars\/go-east-in-der-krise-liegt-die-chance\/","url":"https:\/\/eaststock.de\/en\/seminars\/go-east-in-der-krise-liegt-die-chance\/","name":"\u201eGo East\u201c- In der Krise liegt die Chance\u201c - ESI East Stock Informationsdienste GmbH","isPartOf":{"@id":"https:\/\/eaststock.de\/en\/#website"},"datePublished":"2021-02-11T13:20:30+00:00","breadcrumb":{"@id":"https:\/\/eaststock.de\/en\/seminars\/go-east-in-der-krise-liegt-die-chance\/#breadcrumb"},"inLanguage":"en-US","potentialAction":[{"@type":"ReadAction","target":["https:\/\/eaststock.de\/en\/seminars\/go-east-in-der-krise-liegt-die-chance\/"]}]},{"@type":"BreadcrumbList","@id":"https:\/\/eaststock.de\/en\/seminars\/go-east-in-der-krise-liegt-die-chance\/#breadcrumb","itemListElement":[{"@type":"ListItem","position":1,"name":"Home","item":"https:\/\/eaststock.de\/en\/"},{"@type":"ListItem","position":2,"name":"Seminars","item":"https:\/\/eaststock.de\/en\/seminars\/"},{"@type":"ListItem","position":3,"name":"\u201eGo East\u201c- In der Krise liegt die Chance\u201c"}]},{"@type":"WebSite","@id":"https:\/\/eaststock.de\/en\/#website","url":"https:\/\/eaststock.de\/en\/","name":"ESI East Stock Informationsdienste GmbH","description":"","potentialAction":[{"@type":"SearchAction","target":{"@type":"EntryPoint","urlTemplate":"https:\/\/eaststock.de\/en\/?s={search_term_string}"},"query-input":{"@type":"PropertyValueSpecification","valueRequired":true,"valueName":"search_term_string"}}],"inLanguage":"en-US"}]}},"_links":{"self":[{"href":"https:\/\/eaststock.de\/en\/wp-json\/wp\/v2\/pages\/1532","targetHints":{"allow":["GET"]}}],"collection":[{"href":"https:\/\/eaststock.de\/en\/wp-json\/wp\/v2\/pages"}],"about":[{"href":"https:\/\/eaststock.de\/en\/wp-json\/wp\/v2\/types\/page"}],"author":[{"embeddable":true,"href":"https:\/\/eaststock.de\/en\/wp-json\/wp\/v2\/users\/1"}],"replies":[{"embeddable":true,"href":"https:\/\/eaststock.de\/en\/wp-json\/wp\/v2\/comments?post=1532"}],"version-history":[{"count":0,"href":"https:\/\/eaststock.de\/en\/wp-json\/wp\/v2\/pages\/1532\/revisions"}],"up":[{"embeddable":true,"href":"https:\/\/eaststock.de\/en\/wp-json\/wp\/v2\/pages\/1530"}],"wp:attachment":[{"href":"https:\/\/eaststock.de\/en\/wp-json\/wp\/v2\/media?parent=1532"}],"curies":[{"name":"wp","href":"https:\/\/api.w.org\/{rel}","templated":true}]}}