{"id":1531,"date":"2021-02-11T14:10:43","date_gmt":"2021-02-11T14:10:43","guid":{"rendered":"https:\/\/eaststock.de\/seminare\/seminare-und-webinare\/"},"modified":"2021-02-11T14:10:43","modified_gmt":"2021-02-11T14:10:43","slug":"seminare-und-webinare","status":"publish","type":"page","link":"https:\/\/eaststock.de\/en\/seminars\/seminare-und-webinare\/","title":{"rendered":"Seminare und Webinare"},"content":{"rendered":"\t\t<div data-elementor-type=\"wp-page\" data-elementor-id=\"1531\" class=\"elementor elementor-1531 elementor-1359\" data-elementor-post-type=\"page\">\n\t\t\t\t\t\t<section class=\"elementor-section elementor-top-section elementor-element elementor-element-29467ca1 elementor-section-boxed elementor-section-height-default elementor-section-height-default\" data-id=\"29467ca1\" data-element_type=\"section\" data-e-type=\"section\" data-settings=\"{&quot;background_background&quot;:&quot;classic&quot;}\">\n\t\t\t\t\t\t<div class=\"elementor-container elementor-column-gap-default\">\n\t\t\t\t\t<div class=\"elementor-column elementor-col-100 elementor-top-column elementor-element elementor-element-768de813\" data-id=\"768de813\" data-element_type=\"column\" data-e-type=\"column\" data-settings=\"{&quot;background_background&quot;:&quot;classic&quot;}\">\n\t\t\t<div class=\"elementor-widget-wrap elementor-element-populated\">\n\t\t\t\t\t\t<div class=\"elementor-element elementor-element-792c9670 elementor-widget elementor-widget-spacer\" data-id=\"792c9670\" data-element_type=\"widget\" data-e-type=\"widget\" data-widget_type=\"spacer.default\">\n\t\t\t\t<div class=\"elementor-widget-container\">\n\t\t\t\t\t\t\t<div class=\"elementor-spacer\">\n\t\t\t<div class=\"elementor-spacer-inner\"><\/div>\n\t\t<\/div>\n\t\t\t\t\t\t<\/div>\n\t\t\t\t<\/div>\n\t\t\t\t\t<\/div>\n\t\t<\/div>\n\t\t\t\t\t<\/div>\n\t\t<\/section>\n\t\t\t\t<section class=\"elementor-section elementor-top-section elementor-element elementor-element-a549145 elementor-section-boxed elementor-section-height-default elementor-section-height-default\" data-id=\"a549145\" data-element_type=\"section\" data-e-type=\"section\">\n\t\t\t\t\t\t<div class=\"elementor-container elementor-column-gap-default\">\n\t\t\t\t\t<div class=\"elementor-column elementor-col-33 elementor-top-column elementor-element elementor-element-3bc31e95\" data-id=\"3bc31e95\" data-element_type=\"column\" data-e-type=\"column\" data-settings=\"{&quot;background_background&quot;:&quot;classic&quot;}\">\n\t\t\t<div class=\"elementor-widget-wrap elementor-element-populated\">\n\t\t\t\t\t\t<div class=\"elementor-element elementor-element-5ed542b6 elementor-widget elementor-widget-heading\" data-id=\"5ed542b6\" data-element_type=\"widget\" data-e-type=\"widget\" data-widget_type=\"heading.default\">\n\t\t\t\t<div class=\"elementor-widget-container\">\n\t\t\t\t\t<h2 class=\"elementor-heading-title elementor-size-default\">Interesse an Webinar \/ Seminar<\/h2>\t\t\t\t<\/div>\n\t\t\t\t<\/div>\n\t\t\t\t<div class=\"elementor-element elementor-element-11ab86e elementor-widget elementor-widget-spacer\" data-id=\"11ab86e\" data-element_type=\"widget\" data-e-type=\"widget\" data-widget_type=\"spacer.default\">\n\t\t\t\t<div class=\"elementor-widget-container\">\n\t\t\t\t\t\t\t<div class=\"elementor-spacer\">\n\t\t\t<div class=\"elementor-spacer-inner\"><\/div>\n\t\t<\/div>\n\t\t\t\t\t\t<\/div>\n\t\t\t\t<\/div>\n\t\t\t\t<div class=\"elementor-element elementor-element-f6d7d98 elementor-widget elementor-widget-wp-widget-frm_show_form\" data-id=\"f6d7d98\" data-element_type=\"widget\" data-e-type=\"widget\" data-widget_type=\"wp-widget-frm_show_form.default\">\n\t\t\t\t<div class=\"elementor-widget-container\">\n\t\t\t\t\t<div class=\"frm_form_widget\"><div class=\"frm_forms  with_frm_style frm_style_formidable-style\" id=\"frm_form_7_container\" >\n<form enctype=\"multipart\/form-data\" method=\"post\" class=\"frm-show-form  frm_pro_form \" id=\"form_kontaktformularf94317752663ca7de09ed2719f323c\" >\n<div class=\"frm_form_fields \">\n<fieldset>\n<legend class=\"frm_screen_reader\">Webinar Anmeldung<\/legend>\r\n\r\n<div class=\"frm_fields_container\">\n<input type=\"hidden\" name=\"frm_action\" value=\"create\" \/>\n<input type=\"hidden\" name=\"form_id\" value=\"7\" \/>\n<input type=\"hidden\" name=\"frm_hide_fields_7\" id=\"frm_hide_fields_7\" value=\"\" \/>\n<input type=\"hidden\" name=\"form_key\" value=\"kontaktformularf94317752663ca7de09ed2719f323c\" \/>\n<input type=\"hidden\" name=\"item_meta[0]\" value=\"\" \/>\n<input type=\"hidden\" id=\"frm_submit_entry_7\" name=\"frm_submit_entry_7\" value=\"ec3250441a\" \/><input type=\"hidden\" name=\"_wp_http_referer\" value=\"\/en\/wp-json\/wp\/v2\/pages\/1531\" \/><div id=\"frm_field_71_container\" class=\"frm_form_field  frm_html_container form-field\">Hiermit m\u00f6chte ich f\u00fcr kostenplichtige Webinare unverbindlich als Interssent eintragen werden. Ich  werde dann informiert, wenn ein Webinar oder Seminar stattffindet.<\/div>\n<div id=\"frm_field_60_container\" class=\"frm_form_field form-field  frm_required_field frm_top_container\">\r\n    <label for=\"field_r4jynff94dd1badb2e482eb415647aa27bd\" id=\"field_r4jynff94dd1badb2e482eb415647aa27bd_label\" class=\"frm_primary_label\">Ihr Vor- und Nachname\r\n        <span class=\"frm_required\">*<\/span>\r\n    <\/label>\r\n    <input  type=\"text\" id=\"field_r4jynff94dd1badb2e482eb415647aa27bd\" name=\"item_meta[60]\" value=\"\"  data-reqmsg=\"Dieses Feld darf nicht leer sein.\" aria-required=\"true\" data-invmsg=\"Text ist ung\u00fcltig\" aria-invalid=\"false\"   \/>\r\n    \r\n    \r\n<\/div>\n<div id=\"frm_field_61_container\" class=\"frm_form_field form-field  frm_top_container\">\r\n    <label for=\"field_gk2178ac12a9aeafed1ed7ab82593b70792\" id=\"field_gk2178ac12a9aeafed1ed7ab82593b70792_label\" class=\"frm_primary_label\">Firma\r\n        <span class=\"frm_required\"><\/span>\r\n    <\/label>\r\n    <input  type=\"text\" id=\"field_gk2178ac12a9aeafed1ed7ab82593b70792\" name=\"item_meta[61]\" value=\"\"  data-invmsg=\"Text ist ung\u00fcltig\" aria-invalid=\"false\"   \/>\r\n    \r\n    \r\n<\/div>\n<div id=\"frm_field_62_container\" class=\"frm_form_field form-field  frm_required_field frm_top_container\">\r\n    <label for=\"field_ixqly6a2a4bb74e6e54cf99bc00ecb7b140\" id=\"field_ixqly6a2a4bb74e6e54cf99bc00ecb7b140_label\" class=\"frm_primary_label\">Ihre E-Mail Adresse\r\n        <span class=\"frm_required\">*<\/span>\r\n    <\/label>\r\n    <input type=\"email\" id=\"field_ixqly6a2a4bb74e6e54cf99bc00ecb7b140\" name=\"item_meta[62]\" value=\"\"  data-reqmsg=\"Dieses Feld darf nicht leer sein.\" aria-required=\"true\" data-invmsg=\"E-Mail ist ung\u00fcltig\" aria-invalid=\"false\"  \/>\r\n    \r\n    \r\n<\/div>\n<div id=\"frm_field_63_container\" class=\"frm_form_field form-field  frm_required_field frm_top_container\">\r\n    <label for=\"field_z66fwae79d030c446c553f9e\" id=\"field_z66fwae79d030c446c553f9e_label\" class=\"frm_primary_label\">Telefon\r\n        <span class=\"frm_required\">*<\/span>\r\n    <\/label>\r\n    <input  type=\"text\" id=\"field_z66fwae79d030c446c553f9e\" name=\"item_meta[63]\" value=\"\"  data-reqmsg=\"Dieses Feld darf nicht leer sein.\" aria-required=\"true\" data-invmsg=\"Text ist ung\u00fcltig\" aria-invalid=\"false\"   \/>\r\n    \r\n    \r\n<\/div>\n<div id=\"frm_field_64_container\" class=\"frm_form_field form-field  frm_required_field frm_top_container\">\r\n    <label for=\"field_hrav1a2359b6afe3c117730698ec8875eaf\" id=\"field_hrav1a2359b6afe3c117730698ec8875eaf_label\" class=\"frm_primary_label\">Stra\u00dfe und Hausnummer\r\n        <span class=\"frm_required\">*<\/span>\r\n    <\/label>\r\n    <input  type=\"text\" id=\"field_hrav1a2359b6afe3c117730698ec8875eaf\" name=\"item_meta[64]\" value=\"\"  data-reqmsg=\"Dieses Feld darf nicht leer sein.\" aria-required=\"true\" data-invmsg=\"Text ist ung\u00fcltig\" aria-invalid=\"false\"   \/>\r\n    \r\n    \r\n<\/div>\n<div id=\"frm_field_65_container\" class=\"frm_form_field form-field  frm_required_field frm_top_container frm_first frm_fourth\">\r\n    <label for=\"field_dmrk79be14e24ae6d682871c0cc771580be\" id=\"field_dmrk79be14e24ae6d682871c0cc771580be_label\" class=\"frm_primary_label\">PLZ\r\n        <span class=\"frm_required\">*<\/span>\r\n    <\/label>\r\n    <input  type=\"text\" id=\"field_dmrk79be14e24ae6d682871c0cc771580be\" name=\"item_meta[65]\" value=\"\"  data-reqmsg=\"Dieses Feld darf nicht leer sein.\" aria-required=\"true\" data-invmsg=\"Text ist ung\u00fcltig\" aria-invalid=\"false\"   \/>\r\n    \r\n    \r\n<\/div>\n<div id=\"frm_field_66_container\" class=\"frm_form_field form-field  frm_required_field frm_top_container frm_three_fourths\">\r\n    <label for=\"field_ndvba94430f800cc7216c8f142cca94fbd6\" id=\"field_ndvba94430f800cc7216c8f142cca94fbd6_label\" class=\"frm_primary_label\">Ort\r\n        <span class=\"frm_required\">*<\/span>\r\n    <\/label>\r\n    <input  type=\"text\" id=\"field_ndvba94430f800cc7216c8f142cca94fbd6\" name=\"item_meta[66]\" value=\"\"  data-reqmsg=\"Dieses Feld darf nicht leer sein.\" aria-required=\"true\" data-invmsg=\"Text ist ung\u00fcltig\" aria-invalid=\"false\"   \/>\r\n    \r\n    \r\n<\/div>\n<div id=\"frm_field_67_container\" class=\"frm_form_field form-field  frm_required_field frm_top_container\">\r\n    <label for=\"field_iq461874b4dadc6416e2385d3\" id=\"field_iq461874b4dadc6416e2385d3_label\" class=\"frm_primary_label\">Land\r\n        <span class=\"frm_required\">*<\/span>\r\n    <\/label>\r\n    <input  type=\"text\" id=\"field_iq461874b4dadc6416e2385d3\" name=\"item_meta[67]\" value=\"\"  data-reqmsg=\"Dieses Feld darf nicht leer sein.\" aria-required=\"true\" data-invmsg=\"Text ist ung\u00fcltig\" aria-invalid=\"false\"   \/>\r\n    \r\n    \r\n<\/div>\n<div id=\"frm_field_68_container\" class=\"frm_form_field form-field  frm_required_field frm_top_container\">\r\n    <label for=\"field_dz2pd1c6da7bfa0f2f705fa8815955ce99c\" id=\"field_dz2pd1c6da7bfa0f2f705fa8815955ce99c_label\" class=\"frm_primary_label\">Betreff\r\n        <span class=\"frm_required\">*<\/span>\r\n    <\/label>\r\n    <input  type=\"text\" id=\"field_dz2pd1c6da7bfa0f2f705fa8815955ce99c\" name=\"item_meta[68]\" value=\"\"  data-reqmsg=\"Dieses Feld darf nicht leer sein.\" aria-required=\"true\" data-invmsg=\"Text ist ung\u00fcltig\" aria-invalid=\"false\"   \/>\r\n    \r\n    \r\n<\/div>\n<div id=\"frm_field_69_container\" class=\"frm_form_field form-field  frm_required_field frm_top_container\">\r\n    <label for=\"field_mla8w7328f6e60fc671514d26c723623baa\" id=\"field_mla8w7328f6e60fc671514d26c723623baa_label\" class=\"frm_primary_label\">Anmerkung\r\n        <span class=\"frm_required\">*<\/span>\r\n    <\/label>\r\n    <textarea name=\"item_meta[69]\" id=\"field_mla8w7328f6e60fc671514d26c723623baa\" rows=\"3\"  data-reqmsg=\"Dieses Feld darf nicht leer sein.\" aria-required=\"true\" data-invmsg=\"Anmerkung is invalid\" aria-invalid=\"false\"  ><\/textarea>\r\n    \r\n    \r\n<\/div>\n<div id=\"frm_field_70_container\" class=\"frm_form_field form-field  frm_none_container\">\r\n    <label for=\"g-recaptcha-response\" id=\"field_ctp7t65f0bf0ba0bc854ad9da5a76d0cd92_label\" class=\"frm_primary_label\">reCAPTCHA\r\n        <span class=\"frm_required\"><\/span>\r\n    <\/label>\r\n    <div  id=\"field_ctp7t65f0bf0ba0bc854ad9da5a76d0cd92\" class=\"frm-g-recaptcha\" data-sitekey=\"6Lf4lYEqAAAAAHnsxNIwGwapEE_PX0IJ4FLUIwdF\" data-size=\"invisible\" data-theme=\"light\"><\/div>\r\n    \r\n    \r\n<\/div>\n\t<input type=\"hidden\" name=\"item_key\" value=\"\" \/>\n\t\t\t<div id=\"frm_field_78_container\">\n\t\t\t<label for=\"field_2f9h4\" >\n\t\t\t\tIf you are human, leave this field blank.\t\t\t<\/label>\n\t\t\t<input  id=\"field_2f9h4\" type=\"text\" class=\"frm_form_field form-field frm_verify\" name=\"item_meta[78]\" value=\"\"  \/>\n\t\t<\/div>\n\t\t<input name=\"frm_state\" type=\"hidden\" value=\"Z5PjeqOWRssYK9lGCC5GSSAH4lCsU0DeYxOlwNMVvqJP8AbUPxTM06ojQZOKVyEq\" \/><div class=\"frm_submit\">\r\n\r\n<button class=\"frm_button_submit frm_final_submit\" type=\"submit\"   formnovalidate=\"formnovalidate\">Senden<\/button>\r\n\r\n<\/div><\/div>\n<\/fieldset>\n<\/div>\n\n<p style=\"display: none !important;\" class=\"akismet-fields-container\" data-prefix=\"ak_\"><label>&#916;<textarea name=\"ak_hp_textarea\" cols=\"45\" rows=\"8\" maxlength=\"100\"><\/textarea><\/label><input type=\"hidden\" id=\"ak_js_1\" name=\"ak_js\" value=\"34\"\/><script>document.getElementById( \"ak_js_1\" ).setAttribute( \"value\", ( new Date() ).getTime() );<\/script><\/p><\/form>\n<\/div>\n<\/div>\t\t\t\t<\/div>\n\t\t\t\t<\/div>\n\t\t\t\t\t<\/div>\n\t\t<\/div>\n\t\t\t\t<div class=\"elementor-column elementor-col-66 elementor-top-column elementor-element elementor-element-746d2764\" data-id=\"746d2764\" data-element_type=\"column\" data-e-type=\"column\" data-settings=\"{&quot;background_background&quot;:&quot;classic&quot;}\">\n\t\t\t<div class=\"elementor-widget-wrap elementor-element-populated\">\n\t\t\t\t\t\t<div class=\"elementor-element elementor-element-5eee7ce elementor-widget elementor-widget-heading\" data-id=\"5eee7ce\" data-element_type=\"widget\" data-e-type=\"widget\" data-widget_type=\"heading.default\">\n\t\t\t\t<div class=\"elementor-widget-container\">\n\t\t\t\t\t<h2 class=\"elementor-heading-title elementor-size-default\">Zur\u00fcck zu den Seminaren<\/h2>\t\t\t\t<\/div>\n\t\t\t\t<\/div>\n\t\t\t\t<div class=\"elementor-element elementor-element-2e4478f elementor-widget elementor-widget-text-editor\" data-id=\"2e4478f\" data-element_type=\"widget\" data-e-type=\"widget\" data-widget_type=\"text-editor.default\">\n\t\t\t\t<div class=\"elementor-widget-container\">\n\t\t\t\t\t\t\t\t\t<p>Mehrmals im Jahr veranstaltet die ESI-GmbH zusammen mit namhaften Banken und Emissionsh\u00e4usern bzw. Brokern und Aktiengesellschaften Seminare rund um das Thema Ostb\u00f6rsen und Emerging Markets. Hier werden aktuelle Tendenzen aufgegriffen und in konkrete Vorschl\u00e4ge umgesetzt. Hier treffen Sie auch Gleichgesinnte, mit denen Sie sich austauschen und diskutieren k\u00f6nnen.<\/p>\n<p>ESI-Basis-Seminar \u00fcber Investmentchancen in Osteuropa, prim\u00e4r \u00fcber die B\u00f6rsen von Budapest, Prag, Warschau, Moskau und sonstige Exotenb\u00f6rsen im &#8220;Wilden Osten&#8221; sowie \u00fcber die aussichtsreichsten Emerging Markets.<\/p>\n<p><b>Dauer:<\/b> ca. 4 Stunden abends<br><b>Kosten:<\/b> Vvk. 120 Euro, Abendkasse 150 Euro (Preise inkl. MwSt.),f\u00fcr Nicht-EST-Abonnenten 170 \u20ac (Abendkasse 200 \u20ac). Anmeldung bis sp\u00e4testens 1 Woche vor Seminarbeginn.<\/p>\t\t\t\t\t\t\t\t<\/div>\n\t\t\t\t<\/div>\n\t\t\t\t<div class=\"elementor-element elementor-element-0475a53 elementor-widget elementor-widget-button\" data-id=\"0475a53\" data-element_type=\"widget\" data-e-type=\"widget\" data-widget_type=\"button.default\">\n\t\t\t\t<div class=\"elementor-widget-container\">\n\t\t\t\t\t\t\t\t\t<div class=\"elementor-button-wrapper\">\n\t\t\t\t\t<a class=\"elementor-button elementor-button-link elementor-size-sm\" href=\"https:\/\/eaststock.de\/seminare\">\n\t\t\t\t\t\t<span class=\"elementor-button-content-wrapper\">\n\t\t\t\t\t\t<span class=\"elementor-button-icon\">\n\t\t\t\t<i aria-hidden=\"true\" class=\"far fa-arrow-alt-circle-right\"><\/i>\t\t\t<\/span>\n\t\t\t\t\t\t\t\t\t<span class=\"elementor-button-text\">zur\u00fcck zu den Seminaren<\/span>\n\t\t\t\t\t<\/span>\n\t\t\t\t\t<\/a>\n\t\t\t\t<\/div>\n\t\t\t\t\t\t\t\t<\/div>\n\t\t\t\t<\/div>\n\t\t\t\t<div class=\"elementor-element elementor-element-224ab89 elementor-widget elementor-widget-spacer\" data-id=\"224ab89\" data-element_type=\"widget\" data-e-type=\"widget\" data-widget_type=\"spacer.default\">\n\t\t\t\t<div class=\"elementor-widget-container\">\n\t\t\t\t\t\t\t<div class=\"elementor-spacer\">\n\t\t\t<div class=\"elementor-spacer-inner\"><\/div>\n\t\t<\/div>\n\t\t\t\t\t\t<\/div>\n\t\t\t\t<\/div>\n\t\t\t\t\t<\/div>\n\t\t<\/div>\n\t\t\t\t\t<\/div>\n\t\t<\/section>\n\t\t\t\t<\/div>\n\t\t","protected":false},"excerpt":{"rendered":"<p>Interesse an Webinar \/ Seminar Zur\u00fcck zu den Seminaren Mehrmals im Jahr veranstaltet die ESI-GmbH zusammen mit namhaften Banken und Emissionsh\u00e4usern bzw. Brokern und Aktiengesellschaften Seminare rund um das Thema Ostb\u00f6rsen und Emerging Markets. Hier werden aktuelle Tendenzen aufgegriffen und in konkrete Vorschl\u00e4ge umgesetzt. Hier treffen Sie auch Gleichgesinnte, mit denen Sie sich austauschen und [&hellip;]<\/p>\n","protected":false},"author":1,"featured_media":0,"parent":1530,"menu_order":0,"comment_status":"closed","ping_status":"closed","template":"elementor_header_footer","meta":{"_acf_changed":false,"footnotes":""},"class_list":["post-1531","page","type-page","status-publish","hentry"],"acf":[],"yoast_head":"<!-- This site is optimized with the Yoast SEO plugin v27.3 - https:\/\/yoast.com\/product\/yoast-seo-wordpress\/ -->\n<title>Seminare und Webinare - ESI East Stock Informationsdienste GmbH<\/title>\n<meta name=\"robots\" content=\"index, follow, max-snippet:-1, max-image-preview:large, max-video-preview:-1\" \/>\n<link rel=\"canonical\" href=\"https:\/\/eaststock.de\/en\/seminars\/seminare-und-webinare\/\" \/>\n<meta property=\"og:locale\" content=\"en_US\" \/>\n<meta property=\"og:type\" content=\"article\" \/>\n<meta property=\"og:title\" content=\"Seminare und Webinare - ESI East Stock Informationsdienste GmbH\" \/>\n<meta property=\"og:description\" content=\"Interesse an Webinar \/ Seminar Zur\u00fcck zu den Seminaren Mehrmals im Jahr veranstaltet die ESI-GmbH zusammen mit namhaften Banken und Emissionsh\u00e4usern bzw. Brokern und Aktiengesellschaften Seminare rund um das Thema Ostb\u00f6rsen und Emerging Markets. Hier werden aktuelle Tendenzen aufgegriffen und in konkrete Vorschl\u00e4ge umgesetzt. Hier treffen Sie auch Gleichgesinnte, mit denen Sie sich austauschen und [&hellip;]\" \/>\n<meta property=\"og:url\" content=\"https:\/\/eaststock.de\/en\/seminars\/seminare-und-webinare\/\" \/>\n<meta property=\"og:site_name\" content=\"ESI East Stock Informationsdienste GmbH\" \/>\n<meta name=\"twitter:card\" content=\"summary_large_image\" \/>\n<meta name=\"twitter:label1\" content=\"Est. reading time\" \/>\n\t<meta name=\"twitter:data1\" content=\"1 minute\" \/>\n<script type=\"application\/ld+json\" class=\"yoast-schema-graph\">{\"@context\":\"https:\\\/\\\/schema.org\",\"@graph\":[{\"@type\":\"WebPage\",\"@id\":\"https:\\\/\\\/eaststock.de\\\/en\\\/seminars\\\/seminare-und-webinare\\\/\",\"url\":\"https:\\\/\\\/eaststock.de\\\/en\\\/seminars\\\/seminare-und-webinare\\\/\",\"name\":\"Seminare und Webinare - ESI East Stock Informationsdienste GmbH\",\"isPartOf\":{\"@id\":\"https:\\\/\\\/eaststock.de\\\/en\\\/#website\"},\"datePublished\":\"2021-02-11T14:10:43+00:00\",\"breadcrumb\":{\"@id\":\"https:\\\/\\\/eaststock.de\\\/en\\\/seminars\\\/seminare-und-webinare\\\/#breadcrumb\"},\"inLanguage\":\"en-US\",\"potentialAction\":[{\"@type\":\"ReadAction\",\"target\":[\"https:\\\/\\\/eaststock.de\\\/en\\\/seminars\\\/seminare-und-webinare\\\/\"]}]},{\"@type\":\"BreadcrumbList\",\"@id\":\"https:\\\/\\\/eaststock.de\\\/en\\\/seminars\\\/seminare-und-webinare\\\/#breadcrumb\",\"itemListElement\":[{\"@type\":\"ListItem\",\"position\":1,\"name\":\"Home\",\"item\":\"https:\\\/\\\/eaststock.de\\\/en\\\/\"},{\"@type\":\"ListItem\",\"position\":2,\"name\":\"Seminars\",\"item\":\"https:\\\/\\\/eaststock.de\\\/en\\\/seminars\\\/\"},{\"@type\":\"ListItem\",\"position\":3,\"name\":\"Seminare und Webinare\"}]},{\"@type\":\"WebSite\",\"@id\":\"https:\\\/\\\/eaststock.de\\\/en\\\/#website\",\"url\":\"https:\\\/\\\/eaststock.de\\\/en\\\/\",\"name\":\"ESI East Stock Informationsdienste GmbH\",\"description\":\"\",\"potentialAction\":[{\"@type\":\"SearchAction\",\"target\":{\"@type\":\"EntryPoint\",\"urlTemplate\":\"https:\\\/\\\/eaststock.de\\\/en\\\/?s={search_term_string}\"},\"query-input\":{\"@type\":\"PropertyValueSpecification\",\"valueRequired\":true,\"valueName\":\"search_term_string\"}}],\"inLanguage\":\"en-US\"}]}<\/script>\n<!-- \/ Yoast SEO plugin. -->","yoast_head_json":{"title":"Seminare und Webinare - ESI East Stock Informationsdienste GmbH","robots":{"index":"index","follow":"follow","max-snippet":"max-snippet:-1","max-image-preview":"max-image-preview:large","max-video-preview":"max-video-preview:-1"},"canonical":"https:\/\/eaststock.de\/en\/seminars\/seminare-und-webinare\/","og_locale":"en_US","og_type":"article","og_title":"Seminare und Webinare - ESI East Stock Informationsdienste GmbH","og_description":"Interesse an Webinar \/ Seminar Zur\u00fcck zu den Seminaren Mehrmals im Jahr veranstaltet die ESI-GmbH zusammen mit namhaften Banken und Emissionsh\u00e4usern bzw. Brokern und Aktiengesellschaften Seminare rund um das Thema Ostb\u00f6rsen und Emerging Markets. Hier werden aktuelle Tendenzen aufgegriffen und in konkrete Vorschl\u00e4ge umgesetzt. Hier treffen Sie auch Gleichgesinnte, mit denen Sie sich austauschen und [&hellip;]","og_url":"https:\/\/eaststock.de\/en\/seminars\/seminare-und-webinare\/","og_site_name":"ESI East Stock Informationsdienste GmbH","twitter_card":"summary_large_image","twitter_misc":{"Est. reading time":"1 minute"},"schema":{"@context":"https:\/\/schema.org","@graph":[{"@type":"WebPage","@id":"https:\/\/eaststock.de\/en\/seminars\/seminare-und-webinare\/","url":"https:\/\/eaststock.de\/en\/seminars\/seminare-und-webinare\/","name":"Seminare und Webinare - ESI East Stock Informationsdienste GmbH","isPartOf":{"@id":"https:\/\/eaststock.de\/en\/#website"},"datePublished":"2021-02-11T14:10:43+00:00","breadcrumb":{"@id":"https:\/\/eaststock.de\/en\/seminars\/seminare-und-webinare\/#breadcrumb"},"inLanguage":"en-US","potentialAction":[{"@type":"ReadAction","target":["https:\/\/eaststock.de\/en\/seminars\/seminare-und-webinare\/"]}]},{"@type":"BreadcrumbList","@id":"https:\/\/eaststock.de\/en\/seminars\/seminare-und-webinare\/#breadcrumb","itemListElement":[{"@type":"ListItem","position":1,"name":"Home","item":"https:\/\/eaststock.de\/en\/"},{"@type":"ListItem","position":2,"name":"Seminars","item":"https:\/\/eaststock.de\/en\/seminars\/"},{"@type":"ListItem","position":3,"name":"Seminare und Webinare"}]},{"@type":"WebSite","@id":"https:\/\/eaststock.de\/en\/#website","url":"https:\/\/eaststock.de\/en\/","name":"ESI East Stock Informationsdienste GmbH","description":"","potentialAction":[{"@type":"SearchAction","target":{"@type":"EntryPoint","urlTemplate":"https:\/\/eaststock.de\/en\/?s={search_term_string}"},"query-input":{"@type":"PropertyValueSpecification","valueRequired":true,"valueName":"search_term_string"}}],"inLanguage":"en-US"}]}},"_links":{"self":[{"href":"https:\/\/eaststock.de\/en\/wp-json\/wp\/v2\/pages\/1531","targetHints":{"allow":["GET"]}}],"collection":[{"href":"https:\/\/eaststock.de\/en\/wp-json\/wp\/v2\/pages"}],"about":[{"href":"https:\/\/eaststock.de\/en\/wp-json\/wp\/v2\/types\/page"}],"author":[{"embeddable":true,"href":"https:\/\/eaststock.de\/en\/wp-json\/wp\/v2\/users\/1"}],"replies":[{"embeddable":true,"href":"https:\/\/eaststock.de\/en\/wp-json\/wp\/v2\/comments?post=1531"}],"version-history":[{"count":0,"href":"https:\/\/eaststock.de\/en\/wp-json\/wp\/v2\/pages\/1531\/revisions"}],"up":[{"embeddable":true,"href":"https:\/\/eaststock.de\/en\/wp-json\/wp\/v2\/pages\/1530"}],"wp:attachment":[{"href":"https:\/\/eaststock.de\/en\/wp-json\/wp\/v2\/media?parent=1531"}],"curies":[{"name":"wp","href":"https:\/\/api.w.org\/{rel}","templated":true}]}}